{"id":29032,"date":"2023-08-02T08:14:19","date_gmt":"2023-08-02T05:14:19","guid":{"rendered":"https:\/\/tjdtuotanto.fi\/?page_id=29032"},"modified":"2026-02-05T15:54:43","modified_gmt":"2026-02-05T13:54:43","slug":"nalvarmevaxlare","status":"publish","type":"page","link":"https:\/\/tjdtuotanto.fi\/sv\/nalvarmevaxlare","title":{"rendered":"N\u00e5lv\u00e4rmev\u00e4xlare"},"content":{"rendered":"\t\t<div data-elementor-type=\"wp-page\" data-elementor-id=\"29032\" class=\"elementor elementor-29032 elementor-15436\" data-elementor-post-type=\"page\">\n\t\t\t\t\t\t<section class=\"elementor-section elementor-top-section elementor-element elementor-element-799896e4 elementor-section-height-min-height elementor-section-boxed elementor-section-height-default elementor-section-items-middle\" data-id=\"799896e4\" data-element_type=\"section\" data-e-type=\"section\" data-settings=\"{&quot;background_background&quot;:&quot;video&quot;,&quot;background_motion_fx_scale_effect&quot;:&quot;yes&quot;,&quot;jet_parallax_layout_list&quot;:[],&quot;background_video_link&quot;:&quot;https:\\\/\\\/retermia-fi.b-cdn.net\\\/ruotsi%202.0\\\/101_Neulal%C3%A4mm%C3%B6nsiirrin%20tuoteperhevideo%20SWE%2005_2025.mp4&quot;,&quot;background_motion_fx_scale_direction&quot;:&quot;out-in&quot;,&quot;background_motion_fx_scale_speed&quot;:{&quot;unit&quot;:&quot;px&quot;,&quot;size&quot;:4,&quot;sizes&quot;:[]},&quot;background_motion_fx_scale_range&quot;:{&quot;unit&quot;:&quot;%&quot;,&quot;size&quot;:&quot;&quot;,&quot;sizes&quot;:{&quot;start&quot;:20,&quot;end&quot;:80}},&quot;background_motion_fx_devices&quot;:[&quot;desktop&quot;,&quot;tablet&quot;,&quot;mobile&quot;]}\">\n\t\t\t\t\t\t\t\t<div class=\"elementor-background-video-container elementor-hidden-mobile\">\n\t\t\t\t\t\t\t\t\t\t\t\t\t<video class=\"elementor-background-video-hosted\" role=\"presentation\" autoplay muted playsinline loop><\/video>\n\t\t\t\t\t\t\t\t\t\t\t<\/div>\n\t\t\t\t\t\t\t\t<div class=\"elementor-container elementor-column-gap-default\">\n\t\t\t\t\t<div class=\"elementor-column elementor-col-100 elementor-top-column elementor-element elementor-element-63dda358\" data-id=\"63dda358\" data-element_type=\"column\" data-e-type=\"column\">\n\t\t\t<div class=\"elementor-widget-wrap\">\n\t\t\t\t\t\t\t<\/div>\n\t\t<\/div>\n\t\t\t\t\t<\/div>\n\t\t<\/section>\n\t\t\t\t<section class=\"elementor-section elementor-top-section elementor-element elementor-element-41425389 elementor-section-boxed elementor-section-height-default elementor-section-height-default\" data-id=\"41425389\" data-element_type=\"section\" data-e-type=\"section\" data-settings=\"{&quot;jet_parallax_layout_list&quot;:[]}\">\n\t\t\t\t\t\t<div class=\"elementor-container elementor-column-gap-default\">\n\t\t\t\t\t<div class=\"elementor-column elementor-col-100 elementor-top-column elementor-element elementor-element-6b6b157f\" data-id=\"6b6b157f\" data-element_type=\"column\" data-e-type=\"column\">\n\t\t\t<div class=\"elementor-widget-wrap elementor-element-populated\">\n\t\t\t\t\t\t<div class=\"elementor-element elementor-element-3ee71c3 elementor-widget elementor-widget-heading\" data-id=\"3ee71c3\" data-element_type=\"widget\" data-e-type=\"widget\" data-widget_type=\"heading.default\">\n\t\t\t\t<div class=\"elementor-widget-container\">\n\t\t\t\t\t<h2 class=\"elementor-heading-title elementor-size-default\">N\u00e5lytan fungerar som ett G3-grovfilter<\/h2>\t\t\t\t<\/div>\n\t\t\t\t<\/div>\n\t\t\t\t<div class=\"elementor-element elementor-element-b75cd11 elementor-widget elementor-widget-text-editor\" data-id=\"b75cd11\" data-element_type=\"widget\" data-e-type=\"widget\" data-widget_type=\"text-editor.default\">\n\t\t\t\t<div class=\"elementor-widget-container\">\n\t\t\t\t\t\t\t\t\t<p>N\u00e5lv\u00e4rmev\u00e4xlare anv\u00e4nds fr\u00e4mst i indirekta, rekuperativa, v\u00e4tskekopplade v\u00e4rme\u00e5tervinningssystem, d\u00e4r v\u00e4rme fr\u00e5n fr\u00e5nluften \u00f6verf\u00f6rs till tilluften. N\u00e5lv\u00e4rmev\u00e4xlaren p\u00e5 tilluftssidan fungerar vid behov \u00e4ven som kylbatteri.<\/p>\t\t\t\t\t\t\t\t<\/div>\n\t\t\t\t<\/div>\n\t\t\t\t<div class=\"elementor-element elementor-element-5f2a5c8 elementor-widget elementor-widget-text-editor\" data-id=\"5f2a5c8\" data-element_type=\"widget\" data-e-type=\"widget\" data-widget_type=\"text-editor.default\">\n\t\t\t\t<div class=\"elementor-widget-container\">\n\t\t\t\t\t\t\t\t\t<p><a href=\"https:\/\/tjdtuotanto.fi\/sv?p=29040\" target=\"_blank\" rel=\"noopener\"><strong>RETERMIA STANDARD<\/strong><\/a> v\u00e4ljs om luftintaget eller luftutbl\u00e5set \u00e4r placerat p\u00e5 byggnadens ytterv\u00e4gg. N\u00e4r enheten installeras i luftintaget ers\u00e4tter den ocks\u00e5 sn\u00f6gallret och sn\u00f6f\u00e5ngaren. Den fungerar samtidigt som en effektiv v\u00e4rmev\u00e4xlare, ett luftintag och ett varmt grovfilter f\u00f6r luft, och kan \u00e4ven anv\u00e4ndas som kylbatteri. Retermia Standard kan ocks\u00e5 installeras i en kammare eller ett maskinrum. F\u00f6r stora luftfl\u00f6den kan en batteriv\u00e4gg best\u00e5ende av flera Retermia Standard-moduler byggas.<\/p>\n<p><strong><a href=\"https:\/\/tjdtuotanto.fi\/sv\/luftintagshuv\" target=\"_blank\" rel=\"noopener\">LUFTINTAGSHUV&nbsp;<\/a><\/strong>v\u00e4ljs som v\u00e4rmev\u00e4xlare f\u00f6r tilluftssidan n\u00e4r luftintaget \u00e4r placerat p\u00e5 taket. Luftintagshuven \u00e4r b\u00e5de en effektiv v\u00e4rmev\u00e4xlare och ett varmt, grovt f\u00f6rfilter f\u00f6r luften.<\/p>\n<p>Om luftutbl\u00e5set \u00e4r placerat p\u00e5 taket men fr\u00e5nluftsfl\u00e4kten \u00e4r placerad i kanalen eller i fr\u00e5nluftsmaskinen, v\u00e4ljs en produkt som <strong><a href=\"https:\/\/tjdtuotanto.fi\/sv\/avlufthuv\" target=\"_blank\" rel=\"noopener\">AVLUFTHUV<\/a><\/strong><span style=\"color: var( --e-global-color-text ); font-family: var( --e-global-typography-text-font-family ), Sans-serif; font-size: var( --e-global-typography-text-font-size ); font-style: var( --e-global-typography-text-font-style ); font-weight: var( --e-global-typography-text-font-weight ); letter-spacing: var( --e-global-typography-text-letter-spacing ); text-transform: var( --e-global-typography-text-text-transform ); word-spacing: var( --e-global-typography-text-word-spacing ); background-color: var( --e-global-color-100d932f );\">.<\/span><\/p>\n<p><strong><a href=\"https:\/\/tjdtuotanto.fi\/sv?p=29198\" target=\"_blank\" rel=\"noopener\">SPECIALTILL\u00c4MPNINGAR<\/a><\/strong> \u00e4r m\u00f6jliga: produkterna kan anpassas helt efter kundens \u00f6nskem\u00e5l.<\/p>\t\t\t\t\t\t\t\t<\/div>\n\t\t\t\t<\/div>\n\t\t\t\t\t<\/div>\n\t\t<\/div>\n\t\t\t\t\t<\/div>\n\t\t<\/section>\n\t\t\t\t<section class=\"elementor-section elementor-top-section elementor-element elementor-element-26729815 elementor-section-full_width elementor-section-height-default elementor-section-height-default\" data-id=\"26729815\" data-element_type=\"section\" data-e-type=\"section\" data-settings=\"{&quot;jet_parallax_layout_list&quot;:[]}\">\n\t\t\t\t\t\t<div class=\"elementor-container elementor-column-gap-default\">\n\t\t\t\t\t<div class=\"elementor-column elementor-col-100 elementor-top-column elementor-element elementor-element-759bb33d\" data-id=\"759bb33d\" data-element_type=\"column\" data-e-type=\"column\">\n\t\t\t<div class=\"elementor-widget-wrap elementor-element-populated\">\n\t\t\t\t\t\t<div class=\"elementor-element elementor-element-457b6796 elementor-widget elementor-widget-jet-listing-grid\" data-id=\"457b6796\" data-element_type=\"widget\" data-e-type=\"widget\" data-settings=\"{&quot;columns&quot;:3}\" data-widget_type=\"jet-listing-grid.default\">\n\t\t\t\t<div class=\"elementor-widget-container\">\n\t\t\t\t\t<div class=\"jet-listing-grid jet-listing\"><div class=\"jet-listing-grid__items grid-col-desk-3 grid-col-tablet-3 grid-col-mobile-3 jet-listing-grid--11366\" data-queried-id=\"29032|WP_Post\" data-nav=\"{&quot;enabled&quot;:false,&quot;type&quot;:null,&quot;more_el&quot;:null,&quot;query&quot;:[],&quot;widget_settings&quot;:{&quot;lisitng_id&quot;:11366,&quot;posts_num&quot;:99,&quot;columns&quot;:3,&quot;columns_tablet&quot;:3,&quot;columns_mobile&quot;:3,&quot;column_min_width&quot;:240,&quot;column_min_width_tablet&quot;:240,&quot;column_min_width_mobile&quot;:240,&quot;inline_columns_css&quot;:false,&quot;is_archive_template&quot;:&quot;&quot;,&quot;post_status&quot;:[&quot;publish&quot;],&quot;use_random_posts_num&quot;:&quot;&quot;,&quot;max_posts_num&quot;:9,&quot;not_found_message&quot;:&quot;Inga uppgifter hittades&quot;,&quot;is_masonry&quot;:false,&quot;equal_columns_height&quot;:&quot;&quot;,&quot;use_load_more&quot;:&quot;&quot;,&quot;load_more_id&quot;:&quot;&quot;,&quot;load_more_type&quot;:&quot;click&quot;,&quot;load_more_offset&quot;:{&quot;unit&quot;:&quot;px&quot;,&quot;size&quot;:0,&quot;sizes&quot;:[]},&quot;use_custom_post_types&quot;:&quot;&quot;,&quot;custom_post_types&quot;:[],&quot;hide_widget_if&quot;:&quot;&quot;,&quot;carousel_enabled&quot;:&quot;&quot;,&quot;slides_to_scroll&quot;:&quot;1&quot;,&quot;arrows&quot;:&quot;true&quot;,&quot;arrow_icon&quot;:&quot;fa fa-angle-left&quot;,&quot;dots&quot;:&quot;&quot;,&quot;autoplay&quot;:&quot;true&quot;,&quot;pause_on_hover&quot;:&quot;true&quot;,&quot;autoplay_speed&quot;:5000,&quot;infinite&quot;:&quot;true&quot;,&quot;center_mode&quot;:&quot;&quot;,&quot;effect&quot;:&quot;slide&quot;,&quot;speed&quot;:500,&quot;inject_alternative_items&quot;:&quot;&quot;,&quot;injection_items&quot;:[],&quot;scroll_slider_enabled&quot;:&quot;&quot;,&quot;scroll_slider_on&quot;:[&quot;desktop&quot;,&quot;tablet&quot;,&quot;mobile&quot;],&quot;custom_query&quot;:&quot;yes&quot;,&quot;custom_query_id&quot;:&quot;11&quot;,&quot;_element_id&quot;:&quot;&quot;,&quot;collapse_first_last_gap&quot;:false,&quot;list_tag_selection&quot;:&quot;&quot;,&quot;list_items_wrapper_tag&quot;:&quot;div&quot;,&quot;list_item_tag&quot;:&quot;div&quot;,&quot;empty_items_wrapper_tag&quot;:&quot;div&quot;}}\" data-page=\"1\" data-pages=\"1\" data-listing-source=\"query\" data-listing-id=\"11366\" data-query-id=\"11\"><div class=\"jet-listing-grid__item jet-listing-dynamic-post-29034\" data-post-id=\"29034\"  ><style type=\"text\/css\">.jet-listing-dynamic-post-29034 .elementor-element.elementor-element-27113ee:not(.elementor-motion-effects-element-type-background), .jet-listing-dynamic-post-29034 .elementor-element.elementor-element-27113ee > .elementor-motion-effects-container > .elementor-motion-effects-layer{background-image:url(\"https:\/\/tjdtuotanto.fi\/wp-content\/uploads\/Ikuri_ilmanottokatos4.jpg\");}<\/style>\t\t<div data-elementor-type=\"jet-listing-items\" data-elementor-id=\"11366\" class=\"elementor elementor-11366\" data-elementor-post-type=\"jet-engine\">\n\t\t\t\t\t\t<section class=\"elementor-section elementor-top-section elementor-element elementor-element-27113ee elementor-section-full_width elementor-section-height-min-height elementor-section-height-default elementor-section-items-middle\" data-id=\"27113ee\" data-element_type=\"section\" data-e-type=\"section\" data-settings=\"{&quot;jet_parallax_layout_list&quot;:[],&quot;background_background&quot;:&quot;classic&quot;}\">\n\t\t\t\t\t\t\t<div class=\"elementor-background-overlay\"><\/div>\n\t\t\t\t\t\t\t<div class=\"elementor-container elementor-column-gap-default\">\n\t\t\t\t\t<div class=\"make-column-clickable-elementor elementor-column elementor-col-100 elementor-top-column elementor-element elementor-element-8375979\" style=\"cursor: pointer;\" data-column-clickable=\"https:\/\/tjdtuotanto.fi\/sv\/luftintagshuv\" data-column-clickable-blank=\"_self\" data-id=\"8375979\" data-element_type=\"column\" data-e-type=\"column\">\n\t\t\t<div class=\"elementor-widget-wrap elementor-element-populated\">\n\t\t\t\t\t\t<div class=\"elementor-element elementor-element-ea04126 elementor-widget elementor-widget-heading\" data-id=\"ea04126\" data-element_type=\"widget\" data-e-type=\"widget\" data-widget_type=\"heading.default\">\n\t\t\t\t<div class=\"elementor-widget-container\">\n\t\t\t\t\t<h2 class=\"elementor-heading-title elementor-size-default\">LUFTINTAGSHUV<\/h2>\t\t\t\t<\/div>\n\t\t\t\t<\/div>\n\t\t\t\t\t<\/div>\n\t\t<\/div>\n\t\t\t\t\t<\/div>\n\t\t<\/section>\n\t\t\t\t<\/div>\n\t\t<\/div><div class=\"jet-listing-grid__item jet-listing-dynamic-post-29036\" data-post-id=\"29036\"  ><style type=\"text\/css\">.jet-listing-dynamic-post-29036 .elementor-element.elementor-element-27113ee:not(.elementor-motion-effects-element-type-background), .jet-listing-dynamic-post-29036 .elementor-element.elementor-element-27113ee > .elementor-motion-effects-container > .elementor-motion-effects-layer{background-image:url(\"https:\/\/tjdtuotanto.fi\/wp-content\/uploads\/single-post-_0001_featured-image5-1-1.jpg\");}<\/style>\t\t<div data-elementor-type=\"jet-listing-items\" data-elementor-id=\"11366\" class=\"elementor elementor-11366\" data-elementor-post-type=\"jet-engine\">\n\t\t\t\t\t\t<section class=\"elementor-section elementor-top-section elementor-element elementor-element-27113ee elementor-section-full_width elementor-section-height-min-height elementor-section-height-default elementor-section-items-middle\" data-id=\"27113ee\" data-element_type=\"section\" data-e-type=\"section\" data-settings=\"{&quot;jet_parallax_layout_list&quot;:[],&quot;background_background&quot;:&quot;classic&quot;}\">\n\t\t\t\t\t\t\t<div class=\"elementor-background-overlay\"><\/div>\n\t\t\t\t\t\t\t<div class=\"elementor-container elementor-column-gap-default\">\n\t\t\t\t\t<div class=\"make-column-clickable-elementor elementor-column elementor-col-100 elementor-top-column elementor-element elementor-element-8375979\" style=\"cursor: pointer;\" data-column-clickable=\"https:\/\/tjdtuotanto.fi\/sv\/avlufthuv\" data-column-clickable-blank=\"_self\" data-id=\"8375979\" data-element_type=\"column\" data-e-type=\"column\">\n\t\t\t<div class=\"elementor-widget-wrap elementor-element-populated\">\n\t\t\t\t\t\t<div class=\"elementor-element elementor-element-ea04126 elementor-widget elementor-widget-heading\" data-id=\"ea04126\" data-element_type=\"widget\" data-e-type=\"widget\" data-widget_type=\"heading.default\">\n\t\t\t\t<div class=\"elementor-widget-container\">\n\t\t\t\t\t<h2 class=\"elementor-heading-title elementor-size-default\">AVLUFTHUV<\/h2>\t\t\t\t<\/div>\n\t\t\t\t<\/div>\n\t\t\t\t\t<\/div>\n\t\t<\/div>\n\t\t\t\t\t<\/div>\n\t\t<\/section>\n\t\t\t\t<\/div>\n\t\t<\/div><div class=\"jet-listing-grid__item jet-listing-dynamic-post-29040\" data-post-id=\"29040\"  ><style type=\"text\/css\">.jet-listing-dynamic-post-29040 .elementor-element.elementor-element-27113ee:not(.elementor-motion-effects-element-type-background), .jet-listing-dynamic-post-29040 .elementor-element.elementor-element-27113ee > .elementor-motion-effects-container > .elementor-motion-effects-layer{background-image:url(\"https:\/\/tjdtuotanto.fi\/wp-content\/uploads\/Reteremia-Standard.jpg\");}<\/style>\t\t<div data-elementor-type=\"jet-listing-items\" data-elementor-id=\"11366\" class=\"elementor elementor-11366\" data-elementor-post-type=\"jet-engine\">\n\t\t\t\t\t\t<section class=\"elementor-section elementor-top-section elementor-element elementor-element-27113ee elementor-section-full_width elementor-section-height-min-height elementor-section-height-default elementor-section-items-middle\" data-id=\"27113ee\" data-element_type=\"section\" data-e-type=\"section\" data-settings=\"{&quot;jet_parallax_layout_list&quot;:[],&quot;background_background&quot;:&quot;classic&quot;}\">\n\t\t\t\t\t\t\t<div class=\"elementor-background-overlay\"><\/div>\n\t\t\t\t\t\t\t<div class=\"elementor-container elementor-column-gap-default\">\n\t\t\t\t\t<div class=\"make-column-clickable-elementor elementor-column elementor-col-100 elementor-top-column elementor-element elementor-element-8375979\" style=\"cursor: pointer;\" data-column-clickable=\"https:\/\/tjdtuotanto.fi\/sv\/retermia-standard\" data-column-clickable-blank=\"_self\" data-id=\"8375979\" data-element_type=\"column\" data-e-type=\"column\">\n\t\t\t<div class=\"elementor-widget-wrap elementor-element-populated\">\n\t\t\t\t\t\t<div class=\"elementor-element elementor-element-ea04126 elementor-widget elementor-widget-heading\" data-id=\"ea04126\" data-element_type=\"widget\" data-e-type=\"widget\" data-widget_type=\"heading.default\">\n\t\t\t\t<div class=\"elementor-widget-container\">\n\t\t\t\t\t<h2 class=\"elementor-heading-title elementor-size-default\">RETERMIA STANDARD<\/h2>\t\t\t\t<\/div>\n\t\t\t\t<\/div>\n\t\t\t\t\t<\/div>\n\t\t<\/div>\n\t\t\t\t\t<\/div>\n\t\t<\/section>\n\t\t\t\t<\/div>\n\t\t<\/div><\/div><\/div>\t\t\t\t<\/div>\n\t\t\t\t<\/div>\n\t\t\t\t\t<\/div>\n\t\t<\/div>\n\t\t\t\t\t<\/div>\n\t\t<\/section>\n\t\t\t\t<\/div>\n\t\t","protected":false},"excerpt":{"rendered":"<p>N\u00e5lv\u00e4rmev\u00e4xlare anv\u00e4nds fr\u00e4mst i indirekta rekuperativa v\u00e4rme\u00e5tervinningssystem med v\u00e4tskecykel, d\u00e4r v\u00e4rme fr\u00e5n fr\u00e5nluften \u00f6verf\u00f6rs till tilluften. N\u00e5lv\u00e4rmev\u00e4xlaren p\u00e5 tilluftssidan fungerar vid behov \u00e4ven som kylbatteri.<\/p>\n","protected":false},"author":14,"featured_media":27913,"parent":0,"menu_order":0,"comment_status":"closed","ping_status":"closed","template":"","meta":{"inline_featured_image":false,"footnotes":""},"hakunakyvyys":[],"yhteinen-luokittelutieto":[],"sivujen-luokittelutieto":[],"class_list":["post-29032","page","type-page","status-publish","has-post-thumbnail","hentry"],"_links":{"self":[{"href":"https:\/\/tjdtuotanto.fi\/sv\/wp-json\/wp\/v2\/pages\/29032","targetHints":{"allow":["GET"]}}],"collection":[{"href":"https:\/\/tjdtuotanto.fi\/sv\/wp-json\/wp\/v2\/pages"}],"about":[{"href":"https:\/\/tjdtuotanto.fi\/sv\/wp-json\/wp\/v2\/types\/page"}],"author":[{"embeddable":true,"href":"https:\/\/tjdtuotanto.fi\/sv\/wp-json\/wp\/v2\/users\/14"}],"replies":[{"embeddable":true,"href":"https:\/\/tjdtuotanto.fi\/sv\/wp-json\/wp\/v2\/comments?post=29032"}],"version-history":[{"count":10,"href":"https:\/\/tjdtuotanto.fi\/sv\/wp-json\/wp\/v2\/pages\/29032\/revisions"}],"predecessor-version":[{"id":34871,"href":"https:\/\/tjdtuotanto.fi\/sv\/wp-json\/wp\/v2\/pages\/29032\/revisions\/34871"}],"wp:featuredmedia":[{"embeddable":true,"href":"https:\/\/tjdtuotanto.fi\/sv\/wp-json\/wp\/v2\/media\/27913"}],"wp:attachment":[{"href":"https:\/\/tjdtuotanto.fi\/sv\/wp-json\/wp\/v2\/media?parent=29032"}],"wp:term":[{"taxonomy":"hakunakyvyys","embeddable":true,"href":"https:\/\/tjdtuotanto.fi\/sv\/wp-json\/wp\/v2\/hakunakyvyys?post=29032"},{"taxonomy":"yhteinen-luokittelutieto","embeddable":true,"href":"https:\/\/tjdtuotanto.fi\/sv\/wp-json\/wp\/v2\/yhteinen-luokittelutieto?post=29032"},{"taxonomy":"sivujen-luokittelutieto","embeddable":true,"href":"https:\/\/tjdtuotanto.fi\/sv\/wp-json\/wp\/v2\/sivujen-luokittelutieto?post=29032"}],"curies":[{"name":"wp","href":"https:\/\/api.w.org\/{rel}","templated":true}]}}